{"id":23939,"date":"2024-08-23T23:20:55","date_gmt":"2024-08-23T23:20:55","guid":{"rendered":"https:\/\/ortovets.com\/2023\/?post_type=product&#038;p=23939"},"modified":"2025-12-08T18:31:35","modified_gmt":"2025-12-08T18:31:35","slug":"traje-postoperatorio","status":"publish","type":"product","link":"https:\/\/ortovets.com\/2023\/producto\/traje-postoperatorio\/","title":{"rendered":"Traje postoperatorio"},"content":{"rendered":"\t\t<div data-elementor-type=\"wp-post\" data-elementor-id=\"23939\" class=\"elementor elementor-23939\">\n\t\t\t\t\t\t<section class=\"elementor-section elementor-top-section elementor-element elementor-element-391c46b9 elementor-section-boxed elementor-section-height-default elementor-section-height-default\" data-id=\"391c46b9\" data-element_type=\"section\">\n\t\t\t\t\t\t<div class=\"elementor-container elementor-column-gap-default\">\n\t\t\t\t\t<div class=\"elementor-column elementor-col-100 elementor-top-column elementor-element elementor-element-56c40ef4\" data-id=\"56c40ef4\" data-element_type=\"column\">\n\t\t\t<div class=\"elementor-widget-wrap elementor-element-populated\">\n\t\t\t\t\t\t<div class=\"elementor-element elementor-element-7edb30ea elementor-widget elementor-widget-text-editor\" data-id=\"7edb30ea\" data-element_type=\"widget\" data-widget_type=\"text-editor.default\">\n\t\t\t\t<div class=\"elementor-widget-container\">\n\t\t\t\t\t\t\t\t\t<div><span style=\"font-size: 24pt;\"><strong>Como medir<\/strong><\/span>\n\n<video controls=\"controls\" width=\"360\" height=\"260\">\n<source src=\"https:\/\/ortovets.com\/2023\/wp-content\/uploads\/2024\/08\/WhatsApp-Video-2024-08-23-at-2.51.18-PM-2.mp4\" \/>\n<\/video>\t\t\t\t\t\t\t\t<\/div>\n\t\t\t\t<\/div>\n\t\t\t\t\t<\/div>\n\t\t<\/div>\n\t\t\t\t\t<\/div>\n\t\t<\/section>\n\t\t\t\t<\/div>\n\t\t","protected":false},"excerpt":{"rendered":"<p>La faja postoperatoria ORTOVETS facilita la recuperaci\u00f3n de tu mascota o paciente, al ajustarse de manera c\u00f3moda y segura despu\u00e9s de una cirug\u00eda o en alguna afecci\u00f3n de la piel evitando el lamido y por lo tanto disminuyendo el riesgo de infecci\u00f3n. Puede ser una gran alternativa al uso del cono isabelino permitiendo una mejor movilidad dentro de la jaula durante la recuperaci\u00f3n y dentro del kennel durante su transporte.<br \/>\nEs c\u00f3modo, lavable y tiene una apertura especial para machos si es necesario.<\/p>\n<p><span style=\"color: #000000;\"><strong>Es importante dar periodos de descanso y revisar los puntos de contacto para evitar lesiones.<\/strong><\/span><\/p>\n<p><a href=\"#tab-description\">*Aseg\u00farate de ver el v\u00eddeo AQU\u00cd de como medir para tener la talla correcta. Cualquier duda sobre la medida antes de pedir puedes contactarnos y con gusto te atenderemos<\/a><\/p>\n<p>&nbsp;<\/p>\n<p><img fetchpriority=\"high\" decoding=\"async\" class=\" wp-image-23952 aligncenter\" src=\"https:\/\/ortovets.com\/2023\/wp-content\/uploads\/2024\/08\/traje-postoperatorio-pub.png\" alt=\"\" width=\"355\" height=\"355\" \/><\/p>\n<p>&nbsp;<\/p>\n","protected":false},"featured_media":23991,"comment_status":"open","ping_status":"closed","template":"","meta":{"_joinchat":[]},"product_cat":[15],"product_tag":[],"class_list":{"0":"post-23939","1":"product","2":"type-product","3":"status-publish","4":"has-post-thumbnail","6":"product_cat-productos","9":"first","10":"instock","11":"shipping-taxable","12":"purchasable","13":"product-type-variable"},"_links":{"self":[{"href":"https:\/\/ortovets.com\/2023\/wp-json\/wp\/v2\/product\/23939","targetHints":{"allow":["GET"]}}],"collection":[{"href":"https:\/\/ortovets.com\/2023\/wp-json\/wp\/v2\/product"}],"about":[{"href":"https:\/\/ortovets.com\/2023\/wp-json\/wp\/v2\/types\/product"}],"replies":[{"embeddable":true,"href":"https:\/\/ortovets.com\/2023\/wp-json\/wp\/v2\/comments?post=23939"}],"version-history":[{"count":13,"href":"https:\/\/ortovets.com\/2023\/wp-json\/wp\/v2\/product\/23939\/revisions"}],"predecessor-version":[{"id":25315,"href":"https:\/\/ortovets.com\/2023\/wp-json\/wp\/v2\/product\/23939\/revisions\/25315"}],"wp:featuredmedia":[{"embeddable":true,"href":"https:\/\/ortovets.com\/2023\/wp-json\/wp\/v2\/media\/23991"}],"wp:attachment":[{"href":"https:\/\/ortovets.com\/2023\/wp-json\/wp\/v2\/media?parent=23939"}],"wp:term":[{"taxonomy":"product_cat","embeddable":true,"href":"https:\/\/ortovets.com\/2023\/wp-json\/wp\/v2\/product_cat?post=23939"},{"taxonomy":"product_tag","embeddable":true,"href":"https:\/\/ortovets.com\/2023\/wp-json\/wp\/v2\/product_tag?post=23939"}],"curies":[{"name":"wp","href":"https:\/\/api.w.org\/{rel}","templated":true}]}}