{"id":21234,"date":"2023-06-14T01:35:05","date_gmt":"2023-06-14T01:35:05","guid":{"rendered":"https:\/\/ortovets.com\/2023\/?post_type=product&#038;p=21234"},"modified":"2025-04-04T19:01:01","modified_gmt":"2025-04-04T19:01:01","slug":"corrector-de-marcha","status":"publish","type":"product","link":"https:\/\/ortovets.com\/2023\/producto\/corrector-de-marcha\/","title":{"rendered":"Corrector de marcha para miembro posterior"},"content":{"rendered":"<p>El corrector es muy f\u00e1cil de usar, lavable y ajustable para todas las razas de perros.<br \/>\nIncluye el arn\u00e9s y dos ligas aunque solo se requiera para una extremidad<\/p>\n<p>&nbsp;<\/p>\n<p><span style=\"font-size: 18pt;\"><strong>Ver como medir<\/strong><\/span><\/p>\n<div style=\"width: 640px;\" class=\"wp-video\"><video class=\"wp-video-shortcode\" id=\"video-21234-1\" width=\"640\" height=\"360\" preload=\"metadata\" controls=\"controls\"><source type=\"video\/mp4\" src=\"https:\/\/ortovets.com\/wp-content\/uploads\/2022\/11\/Corrector-de-marcha.mp4?_=1\" \/><a href=\"https:\/\/ortovets.com\/wp-content\/uploads\/2022\/11\/Corrector-de-marcha.mp4\">https:\/\/ortovets.com\/wp-content\/uploads\/2022\/11\/Corrector-de-marcha.mp4<\/a><\/video><\/div>\n<p>&nbsp;<\/p>\n<p>&nbsp;<\/p>\n<p>&nbsp;<\/p>\n<p>&nbsp;<\/p>\n<p>&nbsp;<\/p>\n<p>&nbsp;<\/p>\n<p><strong><span style=\"font-size: 18pt;\">Ver como poner<\/span><\/strong><\/p>\n<div style=\"width: 640px;\" class=\"wp-video\"><video class=\"wp-video-shortcode\" id=\"video-21234-2\" width=\"640\" height=\"360\" preload=\"metadata\" controls=\"controls\"><source type=\"video\/mp4\" src=\"https:\/\/ortovets.com\/wp-content\/uploads\/2022\/11\/CORRECTOR-DE-MARCHA.mp4?_=2\" \/><a href=\"https:\/\/ortovets.com\/wp-content\/uploads\/2022\/11\/CORRECTOR-DE-MARCHA.mp4\">https:\/\/ortovets.com\/wp-content\/uploads\/2022\/11\/CORRECTOR-DE-MARCHA.mp4<\/a><\/video><\/div>\n<p>&nbsp;<\/p>\n<p>&nbsp;<\/p>\n<p>&nbsp;<\/p>\n<p>&nbsp;<\/p>\n<p>&nbsp;<\/p>\n","protected":false},"excerpt":{"rendered":"<p>El corrector de marcha ORTOVETS es un accesorio dise\u00f1ado para facilitar y mejorar la marcha de los pacientes con problemas de propiocepci\u00f3n y de ataxia debido a condiciones neurol\u00f3gicas. El mejor ejemplo es la mielopat\u00eda degenerativa del pastor alem\u00e1n.<br \/>\nLa liga ayuda a avanzar el miembro posterior durante la marcha disminuyendo el arrastre de los dedos.<br \/>\nEs ideal en conjunto con la rehabilitaci\u00f3n.<\/p>\n<p><span style=\"color: #000000;\"><strong>Es importante dar periodos de descanso y revisar los puntos de contacto para evitar lesiones.<\/strong><\/span><\/p>\n<p><a href=\"#tab-description\">*Aseg\u00farate de ver el v\u00eddeo AQU\u00cd de como medir para tener la talla correcta. Cualquier duda sobre la medida antes de pedir puedes contactarnos y con gusto te atenderemos<\/a><\/p>\n<p>&nbsp;<\/p>\n<p><img fetchpriority=\"high\" decoding=\"async\" class=\"alignnone size-medium wp-image-8740 aligncenter\" src=\"https:\/\/ortovets.com\/2023\/wp-content\/uploads\/2023\/06\/corrector-de-marcha-pub.png\" alt=\"\" width=\"400\" height=\"500\" \/><\/p>\n<p>&nbsp;<\/p>\n","protected":false},"featured_media":22307,"comment_status":"open","ping_status":"closed","template":"","meta":{"_joinchat":[]},"product_cat":[15],"product_tag":[],"class_list":{"0":"post-21234","1":"product","2":"type-product","3":"status-publish","4":"has-post-thumbnail","6":"product_cat-productos","9":"first","10":"instock","11":"shipping-taxable","12":"purchasable","13":"product-type-variable"},"_links":{"self":[{"href":"https:\/\/ortovets.com\/2023\/wp-json\/wp\/v2\/product\/21234","targetHints":{"allow":["GET"]}}],"collection":[{"href":"https:\/\/ortovets.com\/2023\/wp-json\/wp\/v2\/product"}],"about":[{"href":"https:\/\/ortovets.com\/2023\/wp-json\/wp\/v2\/types\/product"}],"replies":[{"embeddable":true,"href":"https:\/\/ortovets.com\/2023\/wp-json\/wp\/v2\/comments?post=21234"}],"version-history":[{"count":20,"href":"https:\/\/ortovets.com\/2023\/wp-json\/wp\/v2\/product\/21234\/revisions"}],"predecessor-version":[{"id":25330,"href":"https:\/\/ortovets.com\/2023\/wp-json\/wp\/v2\/product\/21234\/revisions\/25330"}],"wp:featuredmedia":[{"embeddable":true,"href":"https:\/\/ortovets.com\/2023\/wp-json\/wp\/v2\/media\/22307"}],"wp:attachment":[{"href":"https:\/\/ortovets.com\/2023\/wp-json\/wp\/v2\/media?parent=21234"}],"wp:term":[{"taxonomy":"product_cat","embeddable":true,"href":"https:\/\/ortovets.com\/2023\/wp-json\/wp\/v2\/product_cat?post=21234"},{"taxonomy":"product_tag","embeddable":true,"href":"https:\/\/ortovets.com\/2023\/wp-json\/wp\/v2\/product_tag?post=21234"}],"curies":[{"name":"wp","href":"https:\/\/api.w.org\/{rel}","templated":true}]}}