{"id":21222,"date":"2023-06-14T01:26:28","date_gmt":"2023-06-14T01:26:28","guid":{"rendered":"https:\/\/ortovets.com\/2023\/?post_type=product&#038;p=21222"},"modified":"2026-04-09T02:02:07","modified_gmt":"2026-04-09T02:02:07","slug":"ferulas-moldeables","status":"publish","type":"product","link":"https:\/\/ortovets.com\/2023\/producto\/ferulas-moldeables\/","title":{"rendered":"F\u00e9rulas moldeables"},"content":{"rendered":"<p>Las f\u00e9rulas moldeables ORTOVETS est\u00e1n fabricadas con una base de aluminio que puede ser moldeado a la forma que usted necesite. El alma de aluminio est\u00e1 forrada con tela ahulada resistente por la parte exterior, con antiderrapante y doble tela acolchada y porosa que permite el paso del aire entre ella para dar mas comodidad en la parte interna.<\/p>\n<p>Aqu\u00ed m\u00e1s que guiarse por la talla es medir la zona que se quiere inmovilizar lo cual puede ser en un perro grande y solo quiere inmovilizar el carpo, se utilizar\u00eda una f\u00e9rula modeable peque\u00f1a.<br \/>\nTambi\u00e9n si se quiere por ejemplo ayudar a inmovilizar un codo o una rodilla despu\u00e9s de una cirug\u00eda, puede hacer una escuadra al \u00e1ngulo deseado y colocar la f\u00e9rula moldeable sobre un vendaje ligero para ayudar a inmovilizar<\/p>\n<p>&nbsp;<\/p>\n<p><span style=\"font-size: 18pt;\"><strong>Ver como medir<\/strong><\/span><\/p>\n<div style=\"width: 640px;\" class=\"wp-video\"><video class=\"wp-video-shortcode\" id=\"video-21222-1\" width=\"640\" height=\"360\" preload=\"metadata\" controls=\"controls\"><source type=\"video\/mp4\" src=\"https:\/\/ortovets.com\/wp-content\/uploads\/2022\/10\/Ferula-Moldeable.mp4?_=1\" \/><a href=\"https:\/\/ortovets.com\/wp-content\/uploads\/2022\/10\/Ferula-Moldeable.mp4\">https:\/\/ortovets.com\/wp-content\/uploads\/2022\/10\/Ferula-Moldeable.mp4<\/a><\/video><\/div>\n<p>&nbsp;<\/p>\n<p>&nbsp;<\/p>\n<p>&nbsp;<\/p>\n<p>&nbsp;<\/p>\n<p>&nbsp;<\/p>\n<p>&nbsp;<\/p>\n<p><strong><span style=\"font-size: 18pt;\">Ver como poner<\/span><\/strong><\/p>\n<div style=\"width: 640px;\" class=\"wp-video\"><video class=\"wp-video-shortcode\" id=\"video-21222-2\" width=\"640\" height=\"360\" preload=\"metadata\" controls=\"controls\"><source type=\"video\/mp4\" src=\"https:\/\/ortovets.com\/wp-content\/uploads\/2022\/10\/F%C3%A9rula-Moldeable.mp4?_=2\" \/><a href=\"https:\/\/ortovets.com\/wp-content\/uploads\/2022\/10\/F%C3%A9rula-Moldeable.mp4\">https:\/\/ortovets.com\/wp-content\/uploads\/2022\/10\/F%C3%A9rula-Moldeable.mp4<\/a><\/video><\/div>\n<p>&nbsp;<\/p>\n<p>&nbsp;<\/p>\n<p>&nbsp;<\/p>\n<p>&nbsp;<\/p>\n<p>&nbsp;<\/p>\n<p>&nbsp;<\/p>\n<p>&nbsp;<\/p>\n<p>&nbsp;<\/p>\n<p>&nbsp;<\/p>\n<p>&nbsp;<\/p>\n","protected":false},"excerpt":{"rendered":"<p>La f\u00e9rula moldeable permite poder inmovilizar ya sea el miembro anterior o posterior de su mascota.<br \/>\nMuy \u00fatil para el m\u00e9dico veterinario despu\u00e9s de una cirug\u00eda para evitar la utilizaci\u00f3n de vendajes en algunos casos o para utilizar junto con un vendaje ligero haciendo m\u00e1s f\u00e1cil para el m\u00e9dico y para el paciente las visitas al cambio de vendaje en cada revisi\u00f3n.<\/p>\n<p><span style=\"color: #000000;\"><strong>Es importante dar periodos de descanso y revisar los puntos de contacto para evitar lesiones.<\/strong><\/span><\/p>\n<p><a href=\"#tab-description\">*Aseg\u00farate de ver el v\u00eddeo AQU\u00cd de como medir para tener la talla correcta. Cualquier duda sobre la medida antes de pedir puedes contactarnos y con gusto te atenderemos<\/a><\/p>\n<p>&nbsp;<\/p>\n<p><img fetchpriority=\"high\" decoding=\"async\" class=\"alignnone size-medium wp-image-8740 aligncenter\" src=\"https:\/\/ortovets.com\/2023\/wp-content\/uploads\/2023\/06\/nuevas-tablas_Mesa-de-trabajo-1-01.png\" alt=\"\" width=\"400\" height=\"500\" \/><\/p>\n<p>&nbsp;<\/p>\n","protected":false},"featured_media":23016,"comment_status":"open","ping_status":"closed","template":"","meta":{"_joinchat":[]},"product_cat":[15],"product_tag":[],"class_list":{"0":"post-21222","1":"product","2":"type-product","3":"status-publish","4":"has-post-thumbnail","6":"product_cat-productos","9":"first","10":"instock","11":"shipping-taxable","12":"purchasable","13":"product-type-variable"},"_links":{"self":[{"href":"https:\/\/ortovets.com\/2023\/wp-json\/wp\/v2\/product\/21222","targetHints":{"allow":["GET"]}}],"collection":[{"href":"https:\/\/ortovets.com\/2023\/wp-json\/wp\/v2\/product"}],"about":[{"href":"https:\/\/ortovets.com\/2023\/wp-json\/wp\/v2\/types\/product"}],"replies":[{"embeddable":true,"href":"https:\/\/ortovets.com\/2023\/wp-json\/wp\/v2\/comments?post=21222"}],"version-history":[{"count":18,"href":"https:\/\/ortovets.com\/2023\/wp-json\/wp\/v2\/product\/21222\/revisions"}],"predecessor-version":[{"id":25335,"href":"https:\/\/ortovets.com\/2023\/wp-json\/wp\/v2\/product\/21222\/revisions\/25335"}],"wp:featuredmedia":[{"embeddable":true,"href":"https:\/\/ortovets.com\/2023\/wp-json\/wp\/v2\/media\/23016"}],"wp:attachment":[{"href":"https:\/\/ortovets.com\/2023\/wp-json\/wp\/v2\/media?parent=21222"}],"wp:term":[{"taxonomy":"product_cat","embeddable":true,"href":"https:\/\/ortovets.com\/2023\/wp-json\/wp\/v2\/product_cat?post=21222"},{"taxonomy":"product_tag","embeddable":true,"href":"https:\/\/ortovets.com\/2023\/wp-json\/wp\/v2\/product_tag?post=21222"}],"curies":[{"name":"wp","href":"https:\/\/api.w.org\/{rel}","templated":true}]}}