{"id":21220,"date":"2023-06-14T01:25:28","date_gmt":"2023-06-14T01:25:28","guid":{"rendered":"https:\/\/ortovets.com\/2023\/?post_type=product&#038;p=21220"},"modified":"2026-04-13T19:06:56","modified_gmt":"2026-04-13T19:06:56","slug":"munequera","status":"publish","type":"product","link":"https:\/\/ortovets.com\/2023\/producto\/munequera\/","title":{"rendered":"Mu\u00f1equera"},"content":{"rendered":"<p>El protector est\u00e1 fabricado de neopreno y cintas de velcro, es resistente al agua y lavable, es liviano y duradero.<br \/>\nSe sujeta con cintas de velcro de acuerdo con la estabilidad que se desea lograr: suave si es para proteger una herida o m\u00e1s firme si se quiere dar soporte.<br \/>\nSi requiere una mu\u00f1equera con m\u00e1s soporte, ll\u00e1menos para fabricarle una a medida<\/p>\n<p>Es importante dar periodos de descanso y verificar los puntos de contacto para evitar lesiones de la piel.<br \/>\nSe puede hacer sobre pedido mu\u00f1equeras con soporte r\u00edgido para casos de hiperextensi\u00f3n de carpo<\/p>\n<p>&nbsp;<\/p>\n<p><span style=\"font-size: 18pt;\"><strong>Ver como medir<\/strong><\/span><\/p>\n<div style=\"width: 640px;\" class=\"wp-video\"><video class=\"wp-video-shortcode\" id=\"video-21220-1\" width=\"640\" height=\"360\" preload=\"metadata\" controls=\"controls\"><source type=\"video\/mp4\" src=\"https:\/\/ortovets.com\/wp-content\/uploads\/2022\/11\/Mu%C3%B1equera.mp4?_=1\" \/><a href=\"https:\/\/ortovets.com\/wp-content\/uploads\/2022\/11\/Mu%C3%B1equera.mp4\">https:\/\/ortovets.com\/wp-content\/uploads\/2022\/11\/Mu%C3%B1equera.mp4<\/a><\/video><\/div>\n<p>&nbsp;<\/p>\n<p>&nbsp;<\/p>\n<p>&nbsp;<\/p>\n<p>&nbsp;<\/p>\n<p>&nbsp;<\/p>\n<p>&nbsp;<\/p>\n<p><strong><span style=\"font-size: 18pt;\">Ver como poner<\/span><\/strong><\/p>\n<div style=\"width: 640px;\" class=\"wp-video\"><video class=\"wp-video-shortcode\" id=\"video-21220-2\" width=\"640\" height=\"360\" preload=\"metadata\" controls=\"controls\"><source type=\"video\/mp4\" src=\"https:\/\/ortovets.com\/wp-content\/uploads\/2022\/11\/Mu%C3%B1equera-1.mp4?_=2\" \/><a href=\"https:\/\/ortovets.com\/wp-content\/uploads\/2022\/11\/Mu%C3%B1equera-1.mp4\">https:\/\/ortovets.com\/wp-content\/uploads\/2022\/11\/Mu%C3%B1equera-1.mp4<\/a><\/video><\/div>\n<p>&nbsp;<\/p>\n<p>&nbsp;<\/p>\n<p>&nbsp;<\/p>\n<p>&nbsp;<\/p>\n<p>&nbsp;<\/p>\n","protected":false},"excerpt":{"rendered":"<p>El soporte de carpo o mu\u00f1equera es \u00fatil para dar soporte en casos de dolor o inestabilidad, ya sea antes o despu\u00e9s de una cirug\u00eda si es necesaria.<br \/>\nSe puede utilizar en las siguientes condiciones:<br \/>\n\u00b7 Hiperextensi\u00f3n carpiana de leve a moderada<br \/>\n\u00b7 Inestabilidad del Carpo \/ esguince o lesi\u00f3n por esfuerzo<br \/>\n\u00b7 Osteoartritis carpiana<br \/>\n\u00b7 Enfermedad articular<br \/>\n\u00b7 Manejo postoperatorio de artrodesis carpiana o fracturas de avulsi\u00f3n<br \/>\n\u00b7 Granuloma por lamido<\/p>\n<p><span style=\"color: #000000;\"><strong>Es importante dar periodos de descanso y revisar los puntos de contacto para evitar lesiones.<\/strong><\/span><\/p>\n<p><a href=\"#tab-description\">*Aseg\u00farate de ver el v\u00eddeo AQU\u00cd de como medir para tener la talla correcta. Cualquier duda sobre la medida antes de pedir puedes contactarnos y con gusto te atenderemos<\/a><\/p>\n<p>&nbsp;<\/p>\n<p><img fetchpriority=\"high\" decoding=\"async\" class=\"alignnone size-medium wp-image-8740 aligncenter\" src=\"https:\/\/ortovets.com\/2023\/wp-content\/uploads\/2025\/11\/WhatsApp-Image-2025-11-21-at-4.31.51-PM1.jpeg\" alt=\"\" width=\"400\" height=\"500\" \/><\/p>\n<p>&nbsp;<\/p>\n","protected":false},"featured_media":22382,"comment_status":"open","ping_status":"closed","template":"","meta":{"_joinchat":[]},"product_cat":[15],"product_tag":[],"class_list":{"0":"post-21220","1":"product","2":"type-product","3":"status-publish","4":"has-post-thumbnail","6":"product_cat-productos","9":"first","10":"instock","11":"shipping-taxable","12":"purchasable","13":"product-type-variable"},"_links":{"self":[{"href":"https:\/\/ortovets.com\/2023\/wp-json\/wp\/v2\/product\/21220","targetHints":{"allow":["GET"]}}],"collection":[{"href":"https:\/\/ortovets.com\/2023\/wp-json\/wp\/v2\/product"}],"about":[{"href":"https:\/\/ortovets.com\/2023\/wp-json\/wp\/v2\/types\/product"}],"replies":[{"embeddable":true,"href":"https:\/\/ortovets.com\/2023\/wp-json\/wp\/v2\/comments?post=21220"}],"version-history":[{"count":16,"href":"https:\/\/ortovets.com\/2023\/wp-json\/wp\/v2\/product\/21220\/revisions"}],"predecessor-version":[{"id":26863,"href":"https:\/\/ortovets.com\/2023\/wp-json\/wp\/v2\/product\/21220\/revisions\/26863"}],"wp:featuredmedia":[{"embeddable":true,"href":"https:\/\/ortovets.com\/2023\/wp-json\/wp\/v2\/media\/22382"}],"wp:attachment":[{"href":"https:\/\/ortovets.com\/2023\/wp-json\/wp\/v2\/media?parent=21220"}],"wp:term":[{"taxonomy":"product_cat","embeddable":true,"href":"https:\/\/ortovets.com\/2023\/wp-json\/wp\/v2\/product_cat?post=21220"},{"taxonomy":"product_tag","embeddable":true,"href":"https:\/\/ortovets.com\/2023\/wp-json\/wp\/v2\/product_tag?post=21220"}],"curies":[{"name":"wp","href":"https:\/\/api.w.org\/{rel}","templated":true}]}}