{"id":21125,"date":"2023-06-10T01:08:23","date_gmt":"2023-06-10T01:08:23","guid":{"rendered":"https:\/\/ortovets.com\/2023\/?post_type=product&#038;p=21125"},"modified":"2026-04-10T18:39:38","modified_gmt":"2026-04-10T18:39:38","slug":"codera","status":"publish","type":"product","link":"https:\/\/ortovets.com\/2023\/producto\/codera\/","title":{"rendered":"Codera"},"content":{"rendered":"\t\t<div data-elementor-type=\"wp-post\" data-elementor-id=\"21125\" class=\"elementor elementor-21125\">\n\t\t\t\t\t\t<section class=\"elementor-section elementor-top-section elementor-element elementor-element-391c46b9 elementor-section-boxed elementor-section-height-default elementor-section-height-default\" data-id=\"391c46b9\" data-element_type=\"section\">\n\t\t\t\t\t\t<div class=\"elementor-container elementor-column-gap-default\">\n\t\t\t\t\t<div class=\"elementor-column elementor-col-100 elementor-top-column elementor-element elementor-element-56c40ef4\" data-id=\"56c40ef4\" data-element_type=\"column\">\n\t\t\t<div class=\"elementor-widget-wrap elementor-element-populated\">\n\t\t\t\t\t\t<div class=\"elementor-element elementor-element-7edb30ea elementor-widget elementor-widget-text-editor\" data-id=\"7edb30ea\" data-element_type=\"widget\" data-widget_type=\"text-editor.default\">\n\t\t\t\t<div class=\"elementor-widget-container\">\n\t\t\t\t\t\t\t\t\t<div><span class=\" author-d-1gg9uz65z1iz85zgdz68zmqkz84zo2qowz80zsz83zz67zz74z6hz78z1z83zz85zopaalz69zz78z4z79zz84zz66z3rz122z4z89zz68z99z75z\">No debe utilizarse todo el tiempo, es importante dar periodos de descanso.<\/span><\/div><div><span class=\" author-d-1gg9uz65z1iz85zgdz68zmqkz84zo2qowz80zsz83zz67zz74z6hz78z1z83zz85zopaalz69zz78z4z79zz84zz66z3rz122z4z89zz68z99z75z\">El protector est\u00e1 fabricado de neopreno y cintas de velcro, es resistente al agua y lavable, es liviano y duradero.<\/span><\/div><div><span class=\" author-d-1gg9uz65z1iz85zgdz68zmqkz84zo2qowz80zsz83zz67zz74z6hz78z1z83zz85zopaalz69zz78z4z79zz84zz66z3rz122z4z89zz68z99z75z\">Favor de indicar el lado de la Codera, si es IZQUIERDA o DERECHA. Si necesita con un acolchado extra se puede hacer sobre pedido. Cont\u00e1ctenos y con gusto lo atenderemos<\/span><\/div><div>\u00a0<\/div><div><span style=\"font-size: 24pt;\"><strong>Como poner<\/strong><\/span><\/div><p><video controls=\"controls\" width=\"360\" height=\"260\"><br \/>\n   <source src=\"https:\/\/ortovets.com\/wp-content\/uploads\/2022\/09\/Poner-Codera-1.mp4\" type=\"video\/mp4\" \/><br \/><\/video><\/p><p><span style=\"font-size: 24pt;\"><strong>Como medir<\/strong><\/span><\/p><p><video controls=\"controls\" width=\"360\" height=\"260\"><br \/>\n   <source src=\"https:\/\/ortovets.com\/wp-content\/uploads\/2022\/11\/Codera.mp4\" type=\"video\/mp4\" \/><br \/><\/video><\/p>\t\t\t\t\t\t\t\t<\/div>\n\t\t\t\t<\/div>\n\t\t\t\t\t<\/div>\n\t\t<\/div>\n\t\t\t\t\t<\/div>\n\t\t<\/section>\n\t\t\t\t<\/div>\n\t\t","protected":false},"excerpt":{"rendered":"<p>El protector de codo izquierdo o derecho, ofrece comodidad a la articulaci\u00f3n en caso de dolor, en casos de traumatismos, artritis, despu\u00e9s de una cirug\u00eda, por exceso de ejercicio. Ayuda a prevenir llagas por presi\u00f3n en el codo (\u00falceras), ofrece soporte y compresi\u00f3n para la inestabilidad y la deformidad del codo y previene la formaci\u00f3n de higromas (\u00e1reas inflamadas llenas de l\u00edquido) que aparecen por el apoyo sobre superficies duras. Ayuda a mantener a su perro activo por m\u00e1s tiempo cuando la inflamaci\u00f3n de las articulaciones y el dolor se convierten en un problema d\u00e1ndole soporte y quitando algo de peso sobre la articulaci\u00f3n.<\/p>\n<p><span style=\"color: #000000;\"><strong>Es importante dar periodos de descanso y revisar los puntos de contacto para evitar lesiones.<\/strong><\/span><\/p>\n<p><a href=\"#tab-description\">*Aseg\u00farate de ver el v\u00eddeo AQU\u00cd de como medir para tener la talla correcta. Cualquier duda sobre la medida antes de pedir puedes contactarnos y con gusto te atenderemos<\/a><\/p>\n<p>&nbsp;<\/p>\n<p><img fetchpriority=\"high\" decoding=\"async\" class=\"alignnone size-medium wp-image-8740 aligncenter\" src=\"https:\/\/ortovets.com\/2023\/wp-content\/uploads\/2025\/11\/WhatsApp-Image-2025-11-21-at-4.31.51-PM.jpeg\" alt=\"\" width=\"400\" height=\"500\" \/><\/p>\n<p>&nbsp;<\/p>\n","protected":false},"featured_media":22427,"comment_status":"open","ping_status":"closed","template":"","meta":{"_joinchat":[]},"product_cat":[15],"product_tag":[],"class_list":{"0":"post-21125","1":"product","2":"type-product","3":"status-publish","4":"has-post-thumbnail","6":"product_cat-productos","9":"first","10":"instock","11":"shipping-taxable","12":"purchasable","13":"product-type-variable"},"_links":{"self":[{"href":"https:\/\/ortovets.com\/2023\/wp-json\/wp\/v2\/product\/21125","targetHints":{"allow":["GET"]}}],"collection":[{"href":"https:\/\/ortovets.com\/2023\/wp-json\/wp\/v2\/product"}],"about":[{"href":"https:\/\/ortovets.com\/2023\/wp-json\/wp\/v2\/types\/product"}],"replies":[{"embeddable":true,"href":"https:\/\/ortovets.com\/2023\/wp-json\/wp\/v2\/comments?post=21125"}],"version-history":[{"count":33,"href":"https:\/\/ortovets.com\/2023\/wp-json\/wp\/v2\/product\/21125\/revisions"}],"predecessor-version":[{"id":26862,"href":"https:\/\/ortovets.com\/2023\/wp-json\/wp\/v2\/product\/21125\/revisions\/26862"}],"wp:featuredmedia":[{"embeddable":true,"href":"https:\/\/ortovets.com\/2023\/wp-json\/wp\/v2\/media\/22427"}],"wp:attachment":[{"href":"https:\/\/ortovets.com\/2023\/wp-json\/wp\/v2\/media?parent=21125"}],"wp:term":[{"taxonomy":"product_cat","embeddable":true,"href":"https:\/\/ortovets.com\/2023\/wp-json\/wp\/v2\/product_cat?post=21125"},{"taxonomy":"product_tag","embeddable":true,"href":"https:\/\/ortovets.com\/2023\/wp-json\/wp\/v2\/product_tag?post=21125"}],"curies":[{"name":"wp","href":"https:\/\/api.w.org\/{rel}","templated":true}]}}