{"id":20984,"date":"2023-04-05T04:15:13","date_gmt":"2023-04-05T04:15:13","guid":{"rendered":"https:\/\/ortovets.com\/2023\/?post_type=product&#038;p=20984"},"modified":"2026-04-18T04:26:08","modified_gmt":"2026-04-18T04:26:08","slug":"soporte-de-cadera","status":"publish","type":"product","link":"https:\/\/ortovets.com\/2023\/producto\/soporte-de-cadera\/","title":{"rendered":"Soporte de Cadera"},"content":{"rendered":"<p>El protector est\u00e1 fabricado de neopreno y cintas de velcro para ajustar, es resistente al agua y lavable, es liviano y duradero. F\u00e1cil de poner y quitar<br \/>\nPuede estar puesto durante todo el d\u00eda pero es importante dar periodos de descanso y revisar los puntos de contacto para evitar lesiones<\/p>\n<p>&nbsp;<\/p>\n<p><span style=\"font-size: 18pt;\"><strong>Ver como medir<\/strong><\/span><\/p>\n<div style=\"width: 640px;\" class=\"wp-video\"><video class=\"wp-video-shortcode\" id=\"video-20984-1\" width=\"640\" height=\"360\" preload=\"metadata\" controls=\"controls\"><source type=\"video\/mp4\" src=\"https:\/\/ortovets.com\/wp-content\/uploads\/2022\/11\/Protector-de-Cadera.mp4?_=1\" \/><a href=\"https:\/\/ortovets.com\/wp-content\/uploads\/2022\/11\/Protector-de-Cadera.mp4\">https:\/\/ortovets.com\/wp-content\/uploads\/2022\/11\/Protector-de-Cadera.mp4<\/a><\/video><\/div>\n<p>&nbsp;<\/p>\n<p>&nbsp;<\/p>\n<p>&nbsp;<\/p>\n<p>&nbsp;<\/p>\n<p>&nbsp;<\/p>\n<p>&nbsp;<\/p>\n<p><strong><span style=\"font-size: 18pt;\">Ver como poner<\/span><\/strong><\/p>\n<div style=\"width: 640px;\" class=\"wp-video\"><video class=\"wp-video-shortcode\" id=\"video-20984-2\" width=\"640\" height=\"360\" preload=\"metadata\" controls=\"controls\"><source type=\"video\/mp4\" src=\"https:\/\/ortovets.com\/wp-content\/uploads\/2022\/11\/Soporte-De-Cadera-1.mp4?_=2\" \/><a href=\"https:\/\/ortovets.com\/wp-content\/uploads\/2022\/11\/Soporte-De-Cadera-1.mp4\">https:\/\/ortovets.com\/wp-content\/uploads\/2022\/11\/Soporte-De-Cadera-1.mp4<\/a><\/video><\/div>\n<p>&nbsp;<\/p>\n<p>&nbsp;<\/p>\n<p>&nbsp;<\/p>\n<p>&nbsp;<\/p>\n<p>&nbsp;<\/p>\n","protected":false},"excerpt":{"rendered":"<p>El protector de cadera ORTOVETS puede ser \u00fatil en casos leves de displasia de cadera o en casos donde la cirug\u00eda no puede llevarse a cabo por alguna raz\u00f3n. Tambi\u00e9n en casos de osteoartritis, inestabilidad articular, degeneraci\u00f3n articular, traumatismos y recuperaci\u00f3n postoperatoria de cadera.<\/p>\n<p><span style=\"color: #000000;\"><strong>Es importante dar periodos de descanso y revisar los puntos de contacto para evitar lesiones.<\/strong><\/span><\/p>\n<p><a href=\"#tab-description\">*Aseg\u00farate de ver el v\u00eddeo AQU\u00cd de como medir para tener la talla correcta. Cualquier duda sobre la medida antes de pedir puedes contactarnos y con gusto te atenderemos<\/a><\/p>\n<p>&nbsp;<\/p>\n<p><img fetchpriority=\"high\" decoding=\"async\" class=\"alignnone size-medium wp-image-8740 aligncenter\" src=\"https:\/\/ortovets.com\/2023\/wp-content\/uploads\/2025\/11\/WhatsApp-Image-2025-11-21-at-4.31.51-PM4.jpeg\" alt=\"\" width=\"400\" height=\"500\" \/><\/p>\n<p>&nbsp;<\/p>\n","protected":false},"featured_media":22458,"comment_status":"open","ping_status":"closed","template":"","meta":{"_joinchat":[]},"product_cat":[15],"product_tag":[],"class_list":{"0":"post-20984","1":"product","2":"type-product","3":"status-publish","4":"has-post-thumbnail","6":"product_cat-productos","9":"first","10":"instock","11":"shipping-taxable","12":"purchasable","13":"product-type-variable"},"_links":{"self":[{"href":"https:\/\/ortovets.com\/2023\/wp-json\/wp\/v2\/product\/20984","targetHints":{"allow":["GET"]}}],"collection":[{"href":"https:\/\/ortovets.com\/2023\/wp-json\/wp\/v2\/product"}],"about":[{"href":"https:\/\/ortovets.com\/2023\/wp-json\/wp\/v2\/types\/product"}],"replies":[{"embeddable":true,"href":"https:\/\/ortovets.com\/2023\/wp-json\/wp\/v2\/comments?post=20984"}],"version-history":[{"count":15,"href":"https:\/\/ortovets.com\/2023\/wp-json\/wp\/v2\/product\/20984\/revisions"}],"predecessor-version":[{"id":26866,"href":"https:\/\/ortovets.com\/2023\/wp-json\/wp\/v2\/product\/20984\/revisions\/26866"}],"wp:featuredmedia":[{"embeddable":true,"href":"https:\/\/ortovets.com\/2023\/wp-json\/wp\/v2\/media\/22458"}],"wp:attachment":[{"href":"https:\/\/ortovets.com\/2023\/wp-json\/wp\/v2\/media?parent=20984"}],"wp:term":[{"taxonomy":"product_cat","embeddable":true,"href":"https:\/\/ortovets.com\/2023\/wp-json\/wp\/v2\/product_cat?post=20984"},{"taxonomy":"product_tag","embeddable":true,"href":"https:\/\/ortovets.com\/2023\/wp-json\/wp\/v2\/product_tag?post=20984"}],"curies":[{"name":"wp","href":"https:\/\/api.w.org\/{rel}","templated":true}]}}