{"id":20979,"date":"2023-04-05T03:41:38","date_gmt":"2023-04-05T03:41:38","guid":{"rendered":"https:\/\/ortovets.com\/2023\/?post_type=product&#038;p=20979"},"modified":"2026-04-14T20:11:43","modified_gmt":"2026-04-14T20:11:43","slug":"chaleco-de-soporte-toracolumbar","status":"publish","type":"product","link":"https:\/\/ortovets.com\/2023\/producto\/chaleco-de-soporte-toracolumbar\/","title":{"rendered":"Chaleco de soporte toracolumbar"},"content":{"rendered":"\t\t<div data-elementor-type=\"wp-post\" data-elementor-id=\"20979\" class=\"elementor elementor-20979\">\n\t\t\t\t\t\t<section class=\"elementor-section elementor-top-section elementor-element elementor-element-1b22565e elementor-section-boxed elementor-section-height-default elementor-section-height-default\" data-id=\"1b22565e\" data-element_type=\"section\">\n\t\t\t\t\t\t<div class=\"elementor-container elementor-column-gap-default\">\n\t\t\t\t\t<div class=\"elementor-column elementor-col-100 elementor-top-column elementor-element elementor-element-286b0998\" data-id=\"286b0998\" data-element_type=\"column\">\n\t\t\t<div class=\"elementor-widget-wrap elementor-element-populated\">\n\t\t\t\t\t\t<div class=\"elementor-element elementor-element-4c6f6e6b elementor-widget elementor-widget-text-editor\" data-id=\"4c6f6e6b\" data-element_type=\"widget\" data-widget_type=\"text-editor.default\">\n\t\t\t\t<div class=\"elementor-widget-container\">\n\t\t\t\t\t\t\t\t\t<span class=\" author-d-1gg9uz65z1iz85zgdz68zmqkz84zo2qowz80zsz83zz67zz74z6hz78z1z83zz85zopaalz69zz78z4z79zz84zz66z3rz122z4z89zz68z99z75z\">Para lavar el chaleco puede retirar los aluminios abriendo el extremo libre de la l\u00ednea r\u00edgida para poder retirarlos y volver a colocarlos.<\/span>\n\n<div><\/div>\n<div><span style=\"font-size: 24pt;\"><strong>Como poner<\/strong><\/span><\/div>\n<video controls=\"controls\" width=\"360\" height=\"260\">\n<source src=\"https:\/\/ortovets.com\/wp-content\/uploads\/2022\/10\/CHALECO-TL-1.mp4\" type=\"video\/mp4\" \/>\n<\/video>\n\n<span style=\"font-size: 24pt;\"><strong>Como medir<\/strong><\/span>\n\n<video controls=\"controls\" width=\"360\" height=\"260\">\n<source src=\"https:\/\/ortovets.com\/wp-content\/uploads\/2022\/10\/CHALECO-TL.mp4\" type=\"video\/mp4\" \/>\n<\/video>\t\t\t\t\t\t\t\t<\/div>\n\t\t\t\t<\/div>\n\t\t\t\t\t<\/div>\n\t\t<\/div>\n\t\t\t\t\t<\/div>\n\t\t<\/section>\n\t\t\t\t<\/div>\n\t\t","protected":false},"excerpt":{"rendered":"<p>El chaleco de soporte toracolumbar ORTOVETS est\u00e1 dise\u00f1ado para casos de inestabilidad vertebral se requiera o no cirug\u00eda, es \u00fatil tanto antes o despu\u00e9s de la cirug\u00eda.<br \/>\nEs f\u00e1cil de quitar y poner, de materiales lavables, suaves y c\u00f3modo para el paciente lo que permite que lo use por mucho tiempo.<\/p>\n<p><span style=\"color: #000000;\"><strong>Es importante dar periodos de descanso y revisar los puntos de contacto para evitar lesiones.<\/strong><\/span><\/p>\n<p><a href=\"#tab-description\">*Aseg\u00farate de ver el v\u00eddeo AQU\u00cd de como medir para tener la talla correcta. Cualquier duda sobre la medida antes de pedir puedes contactarnos y con gusto te atenderemos<\/a><\/p>\n<p>&nbsp;<\/p>\n<p><img fetchpriority=\"high\" decoding=\"async\" class=\"alignnone size-medium wp-image-8740 aligncenter\" src=\"https:\/\/ortovets.com\/2023\/wp-content\/uploads\/2024\/01\/chaleco-de-soporte-toracolumbar.png\" alt=\"\" width=\"400\" height=\"500\" \/><\/p>\n<p>&nbsp;<\/p>\n","protected":false},"featured_media":22465,"comment_status":"open","ping_status":"closed","template":"","meta":{"_joinchat":[]},"product_cat":[15],"product_tag":[],"class_list":{"0":"post-20979","1":"product","2":"type-product","3":"status-publish","4":"has-post-thumbnail","6":"product_cat-productos","9":"first","10":"instock","11":"shipping-taxable","12":"purchasable","13":"product-type-variable"},"_links":{"self":[{"href":"https:\/\/ortovets.com\/2023\/wp-json\/wp\/v2\/product\/20979","targetHints":{"allow":["GET"]}}],"collection":[{"href":"https:\/\/ortovets.com\/2023\/wp-json\/wp\/v2\/product"}],"about":[{"href":"https:\/\/ortovets.com\/2023\/wp-json\/wp\/v2\/types\/product"}],"replies":[{"embeddable":true,"href":"https:\/\/ortovets.com\/2023\/wp-json\/wp\/v2\/comments?post=20979"}],"version-history":[{"count":16,"href":"https:\/\/ortovets.com\/2023\/wp-json\/wp\/v2\/product\/20979\/revisions"}],"predecessor-version":[{"id":25344,"href":"https:\/\/ortovets.com\/2023\/wp-json\/wp\/v2\/product\/20979\/revisions\/25344"}],"wp:featuredmedia":[{"embeddable":true,"href":"https:\/\/ortovets.com\/2023\/wp-json\/wp\/v2\/media\/22465"}],"wp:attachment":[{"href":"https:\/\/ortovets.com\/2023\/wp-json\/wp\/v2\/media?parent=20979"}],"wp:term":[{"taxonomy":"product_cat","embeddable":true,"href":"https:\/\/ortovets.com\/2023\/wp-json\/wp\/v2\/product_cat?post=20979"},{"taxonomy":"product_tag","embeddable":true,"href":"https:\/\/ortovets.com\/2023\/wp-json\/wp\/v2\/product_tag?post=20979"}],"curies":[{"name":"wp","href":"https:\/\/api.w.org\/{rel}","templated":true}]}}