{"id":17691,"date":"2020-12-30T07:44:42","date_gmt":"2020-12-30T07:44:42","guid":{"rendered":"https:\/\/wpbingosite.com\/wordpress\/petio\/?post_type=product&#038;p=17691"},"modified":"2026-04-14T15:59:42","modified_gmt":"2026-04-14T15:59:42","slug":"rodillera-doble","status":"publish","type":"product","link":"https:\/\/ortovets.com\/2023\/producto\/rodillera-doble\/","title":{"rendered":"Rodillera Doble"},"content":{"rendered":"<div><span class=\" author-d-1gg9uz65z1iz85zgdz68zmqkz84zo2qowz80zsz83zz67zz74z6hz78z1z83zz85zopaalz69zz78z4z79zz84zz66z3rz122z4z89zz68z99z75z\">En caso de s\u00edndrome de perro nadador se le puede ajustar una cinta en la parte medial uniendo ambas rodillas. Cont\u00e1ctanos si quieres m\u00e1s informaci\u00f3n<\/span><\/div>\n<div><span class=\" author-d-1gg9uz65z1iz85zgdz68zmqkz84zo2qowz80zsz83zz67zz74z6hz78z1z83zz85zopaalz69zz78z4z79zz84zz66z3rz122z4z89zz68z99z75z\">No debe utilizarse todo el tiempo, es importante dar periodos de descanso y revisar los puntos de contacto para evitar.<\/span><\/div>\n<p>&nbsp;<\/p>\n<p><span style=\"font-size: 18pt;\"><strong>Ver como medir<\/strong><\/span><\/p>\n<div style=\"width: 640px;\" class=\"wp-video\"><video class=\"wp-video-shortcode\" id=\"video-17691-1\" width=\"640\" height=\"360\" preload=\"metadata\" controls=\"controls\"><source type=\"video\/mp4\" src=\"https:\/\/ortovets.com\/wp-content\/uploads\/2022\/11\/Rodillera-Doble.mp4?_=1\" \/><a href=\"https:\/\/ortovets.com\/wp-content\/uploads\/2022\/11\/Rodillera-Doble.mp4\">https:\/\/ortovets.com\/wp-content\/uploads\/2022\/11\/Rodillera-Doble.mp4<\/a><\/video><\/div>\n<p>&nbsp;<\/p>\n<p>&nbsp;<\/p>\n<p>&nbsp;<\/p>\n<p>&nbsp;<\/p>\n<p>&nbsp;<\/p>\n<p>&nbsp;<\/p>\n<p><strong><span style=\"font-size: 18pt;\">Ver como poner<\/span><\/strong><\/p>\n<div style=\"width: 640px;\" class=\"wp-video\"><video class=\"wp-video-shortcode\" id=\"video-17691-2\" width=\"640\" height=\"360\" preload=\"metadata\" controls=\"controls\"><source type=\"video\/mp4\" src=\"https:\/\/ortovets.com\/wp-content\/uploads\/2022\/11\/RODILLERA-DOBLE.mp4?_=2\" \/><a href=\"https:\/\/ortovets.com\/wp-content\/uploads\/2022\/11\/RODILLERA-DOBLE.mp4\">https:\/\/ortovets.com\/wp-content\/uploads\/2022\/11\/RODILLERA-DOBLE.mp4<\/a><\/video><\/div>\n<p>&nbsp;<\/p>\n<p>&nbsp;<\/p>\n<p>&nbsp;<\/p>\n<p>&nbsp;<\/p>\n<p>&nbsp;<\/p>\n","protected":false},"excerpt":{"rendered":"<p>La rodillera doble da soporte y disminuye el peso que cargan las articulaciones. Puede ser de utilidad en casos de inestabilidad articular, osteoartritis, traumatismos, dolor, lesiones leves a moderadas del ligamento cruzado, luxaci\u00f3n patelar grado I o II o en casos donde la cirug\u00eda no sea posible por alguna raz\u00f3n.<br \/>\nLa rodillera doble cuenta con un arn\u00e9s para su \u00f3ptima sujeci\u00f3n.<\/p>\n<p><span style=\"color: #000000;\"><strong>Es importante dar periodos de descanso y revisar los puntos de contacto para evitar lesiones.<\/strong><\/span><\/p>\n<p><a href=\"#tab-description\">*Aseg\u00farate de ver el v\u00eddeo AQU\u00cd de como medir para tener la talla correcta. Cualquier duda sobre la medida antes de pedir puedes contactarnos y con gusto te atenderemos<\/a><\/p>\n<p>En el caso de algunas razas es necesario hacer una a la medida de los perritos, en la parte inferior de esta pagina encontraras el apartado de cuales <strong>&#8220;Informaci\u00f3n Adicional&#8221;<\/strong><br \/>\nSi su mascota es alguna de estas razas, es necesario fabricar el producto a medida. Por favor cont\u00e1ctenos por medio de Whatsapp<\/p>\n<p>&nbsp;<\/p>\n<p><img fetchpriority=\"high\" decoding=\"async\" class=\"alignnone size-medium wp-image-8740 aligncenter\" src=\"https:\/\/ortovets.com\/2023\/wp-content\/uploads\/2025\/11\/WhatsApp-Image-2025-11-21-at-4.31.51-PM2.jpeg\" alt=\"\" width=\"400\" height=\"500\" \/><\/p>\n<p>&nbsp;<\/p>\n","protected":false},"featured_media":22476,"comment_status":"closed","ping_status":"closed","template":"","meta":{"_joinchat":[]},"product_cat":[15],"product_tag":[],"class_list":{"0":"post-17691","1":"product","2":"type-product","3":"status-publish","4":"has-post-thumbnail","6":"product_cat-productos","9":"first","10":"instock","11":"shipping-taxable","12":"purchasable","13":"product-type-variable"},"_links":{"self":[{"href":"https:\/\/ortovets.com\/2023\/wp-json\/wp\/v2\/product\/17691","targetHints":{"allow":["GET"]}}],"collection":[{"href":"https:\/\/ortovets.com\/2023\/wp-json\/wp\/v2\/product"}],"about":[{"href":"https:\/\/ortovets.com\/2023\/wp-json\/wp\/v2\/types\/product"}],"replies":[{"embeddable":true,"href":"https:\/\/ortovets.com\/2023\/wp-json\/wp\/v2\/comments?post=17691"}],"version-history":[{"count":21,"href":"https:\/\/ortovets.com\/2023\/wp-json\/wp\/v2\/product\/17691\/revisions"}],"predecessor-version":[{"id":26864,"href":"https:\/\/ortovets.com\/2023\/wp-json\/wp\/v2\/product\/17691\/revisions\/26864"}],"wp:featuredmedia":[{"embeddable":true,"href":"https:\/\/ortovets.com\/2023\/wp-json\/wp\/v2\/media\/22476"}],"wp:attachment":[{"href":"https:\/\/ortovets.com\/2023\/wp-json\/wp\/v2\/media?parent=17691"}],"wp:term":[{"taxonomy":"product_cat","embeddable":true,"href":"https:\/\/ortovets.com\/2023\/wp-json\/wp\/v2\/product_cat?post=17691"},{"taxonomy":"product_tag","embeddable":true,"href":"https:\/\/ortovets.com\/2023\/wp-json\/wp\/v2\/product_tag?post=17691"}],"curies":[{"name":"wp","href":"https:\/\/api.w.org\/{rel}","templated":true}]}}